{"id":2675,"date":"2025-03-04T21:11:47","date_gmt":"2025-03-05T00:11:47","guid":{"rendered":"http:\/\/bluerabbitech.com\/?page_id=2675"},"modified":"2025-03-04T21:31:38","modified_gmt":"2025-03-05T00:31:38","slug":"voce-e-fa-de-gran-hermano-descubra-como-acompanhar-cada-momento","status":"publish","type":"page","link":"https:\/\/bluerabbitech.com\/tr\/voce-e-fa-de-gran-hermano-descubra-como-acompanhar-cada-momento\/","title":{"rendered":"Gran Hermano hayran\u0131 m\u0131s\u0131n\u0131z? Her An\u0131 Nas\u0131l Takip Edebilece\u011finizi Ke\u015ffedin!"},"content":{"rendered":"<p data-pm-slice=\"1 1 []\">E\u011fer ger\u00e7eklik televizyonuna tutkuluysan\u0131z, \u015funu biliyorsunuzdur: <strong>B\u00fcy\u00fck Birader<\/strong> TV&#039;deki en heyecan verici yar\u0131\u015fmalardan biri! Stratejiler, beklenmedik elemeler ve ilgi \u00e7ekici dinamiklerle dizi, hayranlar\u0131n\u0131 ekrana kilitliyor ve b\u00fcy\u00fck kazanan\u0131n kim olaca\u011f\u0131n\u0131 merakla bekliyor.<\/p>\n<p data-pm-slice=\"1 1 []\"><a href=\"http:\/\/bluerabbitech.com\/es\/aplicativo-para-assistir-ao-gran-hermano\/\" class=\"epcl-shortcode epcl-button fluid gradient red\" target=\"_self\" >Gran Hermano&#039;yu CANLI izlemek i\u00e7in uygulama <\/a>\n<p data-pm-slice=\"1 1 []\"><a href=\"http:\/\/bluerabbitech.com\/es\/2647-2\/\" class=\"epcl-shortcode epcl-button fluid gradient red\" target=\"_self\" >Gran Hermano 2025&#039;teki oylar\u0131 takip edin<\/a>\n<p>Her \u015feyi izleyebildi\u011finizi hayal edin <strong>canl\u0131, hi\u00e7bir ayr\u0131nt\u0131y\u0131 ka\u00e7\u0131rmadan<\/strong>, kurulan ittifaklar\u0131, ev i\u00e7indeki \u00e7at\u0131\u015fmalar\u0131 ve kat\u0131l\u0131mc\u0131lar\u0131n stratejilerini takip edin. \u015eimdi \u015funu d\u00fc\u015f\u00fcn\u00fcn <strong>24 saat yay\u0131na eri\u015fim sa\u011flay\u0131n<\/strong>, \u00f6zel oylar ve reality show&#039;un en iyi anlar\u0131 avucunuzun i\u00e7inde!<\/p>\n<p>Sezonun o tarihi geri d\u00f6n\u00fc\u015f\u00fcn\u00fc veya en \u00e7ok beklenen elenmesini ka\u00e7\u0131rmaktan daha k\u00f6t\u00fc bir \u015fey olamaz, de\u011fil mi? Ama iyi haber \u015fu ki <strong>Gran Hermano&#039;yu izleyebilir ve hatta kat\u0131l\u0131mc\u0131lar\u0131n kaderini belirleyen oylamalara kat\u0131labilirsiniz<\/strong>. Evet, oyunu etkileme ve favorinizi aktif olarak destekleme g\u00fcc\u00fcne sahipsiniz!<\/p>\n<p>Bilmek ister misin? <strong>ger\u00e7eklik \u015fovunu nas\u0131l takip edebilirim ve Gran Hermano&#039;yu canl\u0131 olarak nereden izleyebilirim<\/strong>? O halde a\u015fa\u011f\u0131daki ba\u011flant\u0131ya t\u0131klay\u0131n ve bu heyecan verici b\u00f6l\u00fcmdeki hi\u00e7bir \u015feyi ka\u00e7\u0131rmamak i\u00e7in mevcut t\u00fcm se\u00e7enekleri ke\u015ffedin!<\/p>\n<p>\ud83d\ude80 <strong>Ka\u00e7\u0131rmay\u0131n! Hemen t\u0131kla ve Gran Hermano&#039;nun her an\u0131n\u0131 nas\u0131l takip edebilece\u011fini g\u00f6r!<\/strong><\/p>\n<p><a href=\"http:\/\/bluerabbitech.com\"><img loading=\"lazy\" decoding=\"async\" class=\"size-medium wp-image-2676 aligncenter\" src=\"http:\/\/bluerabbitech.com\/wp-content\/uploads\/2025\/03\/gran-hermanooo-300x169.jpg\" alt=\"\" width=\"300\" height=\"169\" srcset=\"https:\/\/bluerabbitech.com\/wp-content\/uploads\/2025\/03\/gran-hermanooo-300x169.jpg 300w, https:\/\/bluerabbitech.com\/wp-content\/uploads\/2025\/03\/gran-hermanooo-1024x576.jpg 1024w, https:\/\/bluerabbitech.com\/wp-content\/uploads\/2025\/03\/gran-hermanooo-768x432.jpg 768w, https:\/\/bluerabbitech.com\/wp-content\/uploads\/2025\/03\/gran-hermanooo-18x10.jpg 18w, https:\/\/bluerabbitech.com\/wp-content\/uploads\/2025\/03\/gran-hermanooo.jpg 1200w\" sizes=\"auto, (max-width: 300px) 100vw, 300px\" \/><\/a><\/p>","protected":false},"excerpt":{"rendered":"<p>Se voc\u00ea \u00e9 apaixonado por reality shows, sabe que Gran Hermano \u00e9 uma das competi\u00e7\u00f5es mais eletrizantes da TV! Com estrat\u00e9gias, elimina\u00e7\u00f5es inesperadas e din\u00e2micas&#8230;<\/p>","protected":false},"author":1,"featured_media":0,"parent":0,"menu_order":0,"comment_status":"closed","ping_status":"closed","template":"","meta":{"footnotes":""},"class_list":["post-2675","page","type-page","status-publish","hentry"],"_links":{"self":[{"href":"https:\/\/bluerabbitech.com\/tr\/wp-json\/wp\/v2\/pages\/2675","targetHints":{"allow":["GET"]}}],"collection":[{"href":"https:\/\/bluerabbitech.com\/tr\/wp-json\/wp\/v2\/pages"}],"about":[{"href":"https:\/\/bluerabbitech.com\/tr\/wp-json\/wp\/v2\/types\/page"}],"author":[{"embeddable":true,"href":"https:\/\/bluerabbitech.com\/tr\/wp-json\/wp\/v2\/users\/1"}],"replies":[{"embeddable":true,"href":"https:\/\/bluerabbitech.com\/tr\/wp-json\/wp\/v2\/comments?post=2675"}],"version-history":[{"count":3,"href":"https:\/\/bluerabbitech.com\/tr\/wp-json\/wp\/v2\/pages\/2675\/revisions"}],"predecessor-version":[{"id":2680,"href":"https:\/\/bluerabbitech.com\/tr\/wp-json\/wp\/v2\/pages\/2675\/revisions\/2680"}],"wp:attachment":[{"href":"https:\/\/bluerabbitech.com\/tr\/wp-json\/wp\/v2\/media?parent=2675"}],"curies":[{"name":"wp","href":"https:\/\/api.w.org\/{rel}","templated":true}]}}