{"id":1248,"date":"2024-01-08T21:20:55","date_gmt":"2024-01-09T00:20:55","guid":{"rendered":"http:\/\/bluerabbitech.com\/?page_id=1248"},"modified":"2024-01-08T21:20:55","modified_gmt":"2024-01-09T00:20:55","slug":"politica-de-privacidade","status":"publish","type":"page","link":"https:\/\/bluerabbitech.com\/uk\/politica-de-privacidade\/","title":{"rendered":"\u041f\u043e\u043b\u0456\u0442\u0438\u043a\u0430 \u043a\u043e\u043d\u0444\u0456\u0434\u0435\u043d\u0446\u0456\u0439\u043d\u043e\u0441\u0442\u0456"},"content":{"rendered":"<p><strong>\u0429\u043e \u0442\u0430\u043a\u0435 \u0444\u0430\u0439\u043b\u0438 cookie?<\/strong> \u0423 BlueRabbitTech \u043c\u0438 \u0432\u0438\u043a\u043e\u0440\u0438\u0441\u0442\u043e\u0432\u0443\u0454\u043c\u043e \u0444\u0430\u0439\u043b\u0438 cookie \u2013 \u043d\u0435\u0432\u0435\u043b\u0438\u043a\u0456 \u0444\u0430\u0439\u043b\u0438, \u044f\u043a\u0456 \u043f\u043e\u043a\u0440\u0430\u0449\u0443\u044e\u0442\u044c \u0432\u0430\u0448 \u0434\u043e\u0441\u0432\u0456\u0434 \u043f\u0435\u0440\u0435\u0433\u043b\u044f\u0434\u0443 \u0432\u0435\u0431-\u0441\u0430\u0439\u0442\u0443. \u0423 \u0446\u044c\u043e\u043c\u0443 \u0440\u043e\u0437\u0434\u0456\u043b\u0456 \u043f\u043e\u044f\u0441\u043d\u044e\u0454\u0442\u044c\u0441\u044f \u0440\u043e\u043b\u044c \u0444\u0430\u0439\u043b\u0456\u0432 cookie, \u044f\u043a \u043c\u0438 \u0457\u0445 \u0432\u0438\u043a\u043e\u0440\u0438\u0441\u0442\u043e\u0432\u0443\u0454\u043c\u043e \u0442\u0430 \u0447\u043e\u043c\u0443 \u0432\u043e\u043d\u0438 \u0456\u043d\u043e\u0434\u0456 \u043d\u0435\u043e\u0431\u0445\u0456\u0434\u043d\u0456. \u041c\u0438 \u0442\u0430\u043a\u043e\u0436 \u0434\u0435\u0442\u0430\u043b\u044c\u043d\u043e \u0440\u043e\u0437\u043f\u043e\u0432\u0456\u043c\u043e, \u044f\u043a \u0432\u0438 \u043c\u043e\u0436\u0435\u0442\u0435 \u0437\u0430\u043f\u043e\u0431\u0456\u0433\u0442\u0438 \u0437\u0431\u0435\u0440\u0435\u0436\u0435\u043d\u043d\u044e \u0446\u0438\u0445 \u0444\u0430\u0439\u043b\u0456\u0432 cookie, \u0449\u043e \u043c\u043e\u0436\u0435 \u0432\u043f\u043b\u0438\u043d\u0443\u0442\u0438 \u043d\u0430 \u0444\u0443\u043d\u043a\u0446\u0456\u043e\u043d\u0430\u043b\u044c\u043d\u0456\u0441\u0442\u044c \u0441\u0430\u0439\u0442\u0443.<\/p>\n<p><strong>\u0412\u0438\u043a\u043e\u0440\u0438\u0441\u0442\u0430\u043d\u043d\u044f \u0444\u0430\u0439\u043b\u0456\u0432 cookie<\/strong> \u041c\u0438 \u0432\u0438\u043a\u043e\u0440\u0438\u0441\u0442\u043e\u0432\u0443\u0454\u043c\u043e \u0444\u0430\u0439\u043b\u0438 cookie \u0437 \u0440\u0456\u0437\u043d\u0438\u0445 \u043f\u0440\u0438\u0447\u0438\u043d, \u044f\u043a\u0456 \u043c\u0438 \u043f\u043e\u044f\u0441\u043d\u0438\u043c\u043e \u043d\u0438\u0436\u0447\u0435. \u042f\u043a \u043f\u0440\u0430\u0432\u0438\u043b\u043e, \u0432\u0438\u043c\u043a\u043d\u0435\u043d\u043d\u044f \u0444\u0430\u0439\u043b\u0456\u0432 cookie \u043c\u043e\u0436\u0435 \u0432\u043f\u043b\u0438\u043d\u0443\u0442\u0438 \u043d\u0430 \u0444\u0443\u043d\u043a\u0446\u0456\u043e\u043d\u0430\u043b\u044c\u043d\u0456\u0441\u0442\u044c \u0432\u0435\u0431-\u0441\u0430\u0439\u0442\u0443, \u0442\u043e\u043c\u0443 \u043c\u0438 \u0440\u0435\u043a\u043e\u043c\u0435\u043d\u0434\u0443\u0454\u043c\u043e \u0437\u0430\u043b\u0438\u0448\u0430\u0442\u0438 \u0457\u0445 \u0443\u0432\u0456\u043c\u043a\u043d\u0435\u043d\u0438\u043c\u0438.<\/p>\n<p><strong>\u042f\u043a \u0432\u0438\u043c\u043a\u043d\u0443\u0442\u0438 \u0444\u0430\u0439\u043b\u0438 cookie<\/strong> \u0412\u0438 \u043c\u043e\u0436\u0435\u0442\u0435 \u0437\u0430\u043f\u043e\u0431\u0456\u0433\u0442\u0438 \u0432\u0441\u0442\u0430\u043d\u043e\u0432\u043b\u0435\u043d\u043d\u044e \u0444\u0430\u0439\u043b\u0456\u0432 cookie, \u043d\u0430\u043b\u0430\u0448\u0442\u0443\u0432\u0430\u0432\u0448\u0438 \u043d\u0430\u043b\u0430\u0448\u0442\u0443\u0432\u0430\u043d\u043d\u044f \u0441\u0432\u043e\u0433\u043e \u0431\u0440\u0430\u0443\u0437\u0435\u0440\u0430. \u041e\u0434\u043d\u0430\u043a \u043c\u0430\u0439\u0442\u0435 \u043d\u0430 \u0443\u0432\u0430\u0437\u0456, \u0449\u043e \u0432\u0438\u043c\u043a\u043d\u0435\u043d\u043d\u044f \u0444\u0430\u0439\u043b\u0456\u0432 cookie \u043c\u043e\u0436\u0435 \u043e\u0431\u043c\u0435\u0436\u0438\u0442\u0438 \u0444\u0443\u043d\u043a\u0446\u0456\u043e\u043d\u0430\u043b\u044c\u043d\u0456\u0441\u0442\u044c \u043d\u0430\u0448\u043e\u0433\u043e \u0442\u0430 \u0456\u043d\u0448\u0438\u0445 \u0432\u0435\u0431-\u0441\u0430\u0439\u0442\u0456\u0432.<\/p>\n<p><strong>\u0424\u0430\u0439\u043b\u0438 cookie, \u044f\u043a\u0456 \u043c\u0438 \u0432\u0438\u043a\u043e\u0440\u0438\u0441\u0442\u043e\u0432\u0443\u0454\u043c\u043e<\/strong><\/p>\n<ol>\n<li><strong>\u0424\u0430\u0439\u043b\u0438 cookie \u043a\u043e\u043d\u0444\u0456\u0433\u0443\u0440\u0430\u0446\u0456\u0457 \u0441\u0430\u0439\u0442\u0443<\/strong>: \u041c\u0438 \u0432\u0438\u043a\u043e\u0440\u0438\u0441\u0442\u043e\u0432\u0443\u0454\u043c\u043e \u0444\u0430\u0439\u043b\u0438 cookie, \u0449\u043e\u0431 \u043f\u0435\u0440\u0441\u043e\u043d\u0430\u043b\u0456\u0437\u0443\u0432\u0430\u0442\u0438 \u0432\u0430\u0448 \u0434\u043e\u0441\u0432\u0456\u0434, \u0437\u0430\u043f\u0430\u043c\u2019\u044f\u0442\u043e\u0432\u0443\u044e\u0447\u0438 \u0432\u0430\u0448\u0456 \u0443\u043f\u043e\u0434\u043e\u0431\u0430\u043d\u043d\u044f \u0434\u043b\u044f \u043c\u0430\u0439\u0431\u0443\u0442\u043d\u0456\u0445 \u0432\u0456\u0434\u0432\u0456\u0434\u0443\u0432\u0430\u043d\u044c.<\/li>\n<li><strong>\u041f\u0430\u0440\u0442\u043d\u0435\u0440\u0441\u044c\u043a\u0456 \u0444\u0430\u0439\u043b\u0438 cookie<\/strong>: \u0443 \u043f\u0435\u0432\u043d\u0438\u0445 \u0441\u0438\u0442\u0443\u0430\u0446\u0456\u044f\u0445 \u043c\u0438 \u0432\u0438\u043a\u043e\u0440\u0438\u0441\u0442\u043e\u0432\u0443\u0454\u043c\u043e \u043f\u0430\u0440\u0442\u043d\u0435\u0440\u0441\u044c\u043a\u0456 \u0444\u0430\u0439\u043b\u0438 cookie. \u041f\u043e\u0434\u0440\u043e\u0431\u0438\u0446\u0456 \u043f\u0440\u043e \u0446\u0456 \u0444\u0430\u0439\u043b\u0438 cookie \u043d\u0430\u0432\u0435\u0434\u0435\u043d\u043e \u043d\u0438\u0436\u0447\u0435.<\/li>\n<li><strong>Google Analytics<\/strong>: \u0449\u043e\u0431 \u043f\u0440\u043e\u0430\u043d\u0430\u043b\u0456\u0437\u0443\u0432\u0430\u0442\u0438 \u0432\u0437\u0430\u0454\u043c\u043e\u0434\u0456\u044e \u043a\u043e\u0440\u0438\u0441\u0442\u0443\u0432\u0430\u0447\u0456\u0432 \u0456\u0437 \u043d\u0430\u0448\u0438\u043c \u0432\u0435\u0431-\u0441\u0430\u0439\u0442\u043e\u043c, \u043c\u0438 \u0432\u0438\u043a\u043e\u0440\u0438\u0441\u0442\u043e\u0432\u0443\u0454\u043c\u043e Google Analytics, \u044f\u043a\u0438\u0439 \u0437\u0431\u0438\u0440\u0430\u0454 \u0442\u0430\u043a\u0456 \u0434\u0430\u043d\u0456, \u044f\u043a \u0442\u0440\u0438\u0432\u0430\u043b\u0456\u0441\u0442\u044c \u0432\u0456\u0434\u0432\u0456\u0434\u0443\u0432\u0430\u043d\u043d\u044f \u0442\u0430 \u0432\u0456\u0434\u0432\u0456\u0434\u0430\u043d\u0456 \u0441\u0442\u043e\u0440\u0456\u043d\u043a\u0438.<\/li>\n<li><strong>Google AdSense<\/strong>: \u0434\u043b\u044f \u0440\u0435\u043a\u043b\u0430\u043c\u0438 \u043c\u0438 \u0432\u0438\u043a\u043e\u0440\u0438\u0441\u0442\u043e\u0432\u0443\u0454\u043c\u043e AdSense, \u044f\u043a\u0438\u0439 \u0432\u0438\u043a\u043e\u0440\u0438\u0441\u0442\u043e\u0432\u0443\u0454 \u0444\u0430\u0439\u043b\u0438 cookie DoubleClick \u0434\u043b\u044f \u043f\u043e\u043a\u0430\u0437\u0443 \u0440\u0435\u043b\u0435\u0432\u0430\u043d\u0442\u043d\u0438\u0445 \u043e\u0433\u043e\u043b\u043e\u0448\u0435\u043d\u044c \u0456 \u043a\u043e\u043d\u0442\u0440\u043e\u043b\u044e \u0447\u0430\u0441\u0442\u043e\u0442\u0438 \u043f\u043e\u043a\u0430\u0437\u0443 \u043a\u043e\u043d\u043a\u0440\u0435\u0442\u043d\u043e\u0433\u043e \u043e\u0433\u043e\u043b\u043e\u0448\u0435\u043d\u043d\u044f.<\/li>\n<\/ol>\n<p><strong>\u0414\u043e\u0434\u0430\u0442\u043a\u043e\u0432\u0430 \u0456\u043d\u0444\u043e\u0440\u043c\u0430\u0446\u0456\u044f<\/strong> \u041c\u0438 \u0441\u043f\u043e\u0434\u0456\u0432\u0430\u0454\u043c\u043e\u0441\u044f, \u0449\u043e \u0446\u044f \u0456\u043d\u0444\u043e\u0440\u043c\u0430\u0446\u0456\u044f \u0434\u043e\u043f\u043e\u043c\u043e\u0436\u0435 \u0432\u0430\u043c \u0437\u0440\u043e\u0437\u0443\u043c\u0456\u0442\u0438 \u043d\u0430\u0448\u0443 \u043f\u043e\u043b\u0456\u0442\u0438\u043a\u0443 \u0432\u0438\u043a\u043e\u0440\u0438\u0441\u0442\u0430\u043d\u043d\u044f \u0444\u0430\u0439\u043b\u0456\u0432 cookie. \u0414\u043b\u044f \u043d\u0430\u0439\u043a\u0440\u0430\u0449\u043e\u0457 \u0440\u043e\u0431\u043e\u0442\u0438 \u0432\u0435\u0431-\u0441\u0430\u0439\u0442\u0443 \u0440\u0435\u043a\u043e\u043c\u0435\u043d\u0434\u0443\u0454\u0442\u044c\u0441\u044f \u0437\u0430\u043b\u0438\u0448\u0430\u0442\u0438 \u0444\u0430\u0439\u043b\u0438 cookie \u0430\u043a\u0442\u0438\u0432\u043d\u0438\u043c\u0438. \u0414\u043b\u044f \u043e\u0442\u0440\u0438\u043c\u0430\u043d\u043d\u044f \u0434\u043e\u0434\u0430\u0442\u043a\u043e\u0432\u043e\u0457 \u0456\u043d\u0444\u043e\u0440\u043c\u0430\u0446\u0456\u0457, \u0431\u0443\u0434\u044c \u043b\u0430\u0441\u043a\u0430, \u0437\u0432&#039;\u044f\u0436\u0456\u0442\u044c\u0441\u044f \u0437 \u043d\u0430\u043c\u0438 \u0437\u0430 \u0430\u0434\u0440\u0435\u0441\u043e\u044e: <a target=\"_new\" rel=\"noopener\">contato@bluerabbitech.com<\/a>.<\/p>","protected":false},"excerpt":{"rendered":"<p>O que s\u00e3o Cookies? No BlueRabbitTech, usamos cookies &#8211; pequenos arquivos que aprimoram sua experi\u00eancia de navega\u00e7\u00e3o em nosso site. Esta se\u00e7\u00e3o esclarece o papel&#8230;<\/p>","protected":false},"author":1,"featured_media":0,"parent":0,"menu_order":0,"comment_status":"closed","ping_status":"closed","template":"","meta":{"footnotes":""},"class_list":["post-1248","page","type-page","status-publish","hentry"],"_links":{"self":[{"href":"https:\/\/bluerabbitech.com\/uk\/wp-json\/wp\/v2\/pages\/1248","targetHints":{"allow":["GET"]}}],"collection":[{"href":"https:\/\/bluerabbitech.com\/uk\/wp-json\/wp\/v2\/pages"}],"about":[{"href":"https:\/\/bluerabbitech.com\/uk\/wp-json\/wp\/v2\/types\/page"}],"author":[{"embeddable":true,"href":"https:\/\/bluerabbitech.com\/uk\/wp-json\/wp\/v2\/users\/1"}],"replies":[{"embeddable":true,"href":"https:\/\/bluerabbitech.com\/uk\/wp-json\/wp\/v2\/comments?post=1248"}],"version-history":[{"count":1,"href":"https:\/\/bluerabbitech.com\/uk\/wp-json\/wp\/v2\/pages\/1248\/revisions"}],"predecessor-version":[{"id":1249,"href":"https:\/\/bluerabbitech.com\/uk\/wp-json\/wp\/v2\/pages\/1248\/revisions\/1249"}],"wp:attachment":[{"href":"https:\/\/bluerabbitech.com\/uk\/wp-json\/wp\/v2\/media?parent=1248"}],"curies":[{"name":"wp","href":"https:\/\/api.w.org\/{rel}","templated":true}]}}